{"id":2259,"date":"2021-03-02T19:27:15","date_gmt":"2021-03-02T18:27:15","guid":{"rendered":"https:\/\/test.tajasport.com\/?page_id=2259"},"modified":"2023-04-19T17:50:28","modified_gmt":"2023-04-19T15:50:28","slug":"carriere","status":"publish","type":"page","link":"https:\/\/tajasport.com\/fr\/carriere\/","title":{"rendered":"Nous rejoindre"},"content":{"rendered":"\t\t<div data-elementor-type=\"wp-page\" data-elementor-id=\"2259\" class=\"elementor elementor-2259\">\n\t\t\t\t\t\t\t\t\t<section class=\"elementor-section elementor-top-section elementor-element elementor-element-2653b61b elementor-section-boxed elementor-section-height-default elementor-section-height-default\" data-id=\"2653b61b\" data-element_type=\"section\">\n\t\t\t\t\t\t<div class=\"elementor-container elementor-column-gap-default\">\n\t\t\t\t\t<div class=\"elementor-column elementor-col-100 elementor-top-column elementor-element elementor-element-18f2cb96\" data-id=\"18f2cb96\" data-element_type=\"column\">\n\t\t\t<div class=\"elementor-widget-wrap elementor-element-populated\">\n\t\t\t\t\t\t\t\t<div class=\"elementor-element elementor-element-5de9f00 elementor-widget elementor-widget-alert\" data-id=\"5de9f00\" data-element_type=\"widget\" data-widget_type=\"alert.default\">\n\t\t\t\t<div class=\"elementor-widget-container\">\n\t\t\t\t\t<div class=\"elementor-alert elementor-alert-info\" role=\"alert\">\n\t\t\t<span class=\"elementor-alert-title\">S'inscrire \u00e0 notre newsletter!<\/span>\n\t\t\t\t\t\t\t<span class=\"elementor-alert-description\"><div align=\"center\">\nMerci de vous inscrire \u00e0 notre newsletter pour \u00eatre mis au courant des prochains appels \u00e0 candidatures\n<\/div><\/span>\n\t\t\t\t\t\t\t\t<\/div>\n\t\t\t\t<\/div>\n\t\t\t\t<\/div>\n\t\t\t\t\t<\/div>\n\t\t<\/div>\n\t\t\t\t\t\t\t<\/div>\n\t\t<\/section>\n\t\t\t\t\t\t\t<\/div>\n\t\t","protected":false},"excerpt":{"rendered":"<p>S&#8217;inscrire \u00e0 notre newsletter! Merci de vous inscrire \u00e0 notre newsletter pour \u00eatre mis au courant des prochains appels \u00e0 candidatures<\/p>\n","protected":false},"author":19,"featured_media":0,"parent":0,"menu_order":0,"comment_status":"closed","ping_status":"closed","template":"","meta":{"inline_featured_image":false},"_links":{"self":[{"href":"https:\/\/tajasport.com\/fr\/wp-json\/wp\/v2\/pages\/2259"}],"collection":[{"href":"https:\/\/tajasport.com\/fr\/wp-json\/wp\/v2\/pages"}],"about":[{"href":"https:\/\/tajasport.com\/fr\/wp-json\/wp\/v2\/types\/page"}],"author":[{"embeddable":true,"href":"https:\/\/tajasport.com\/fr\/wp-json\/wp\/v2\/users\/19"}],"replies":[{"embeddable":true,"href":"https:\/\/tajasport.com\/fr\/wp-json\/wp\/v2\/comments?post=2259"}],"version-history":[{"count":1,"href":"https:\/\/tajasport.com\/fr\/wp-json\/wp\/v2\/pages\/2259\/revisions"}],"predecessor-version":[{"id":23458,"href":"https:\/\/tajasport.com\/fr\/wp-json\/wp\/v2\/pages\/2259\/revisions\/23458"}],"wp:attachment":[{"href":"https:\/\/tajasport.com\/fr\/wp-json\/wp\/v2\/media?parent=2259"}],"curies":[{"name":"wp","href":"https:\/\/api.w.org\/{rel}","templated":true}]}}