{"id":3,"date":"2021-02-02T00:37:00","date_gmt":"2021-02-01T23:37:00","guid":{"rendered":"http:\/\/tajasport.com\/?page_id=3"},"modified":"2023-04-24T13:37:59","modified_gmt":"2023-04-24T11:37:59","slug":"politique-de-confidentialite","status":"publish","type":"page","link":"https:\/\/tajasport.com\/fr\/politique-de-confidentialite\/","title":{"rendered":"Politique de confidentialit\u00e9"},"content":{"rendered":"<p><strong>Politique de traitement des donn\u00e9es \u00e0 caract\u00e8re personnel<\/strong><\/p>\n<p><strong>PR\u00c9AMBULE<\/strong><\/p>\n<p>Une donn\u00e9e \u00e0 caract\u00e8re personnel d\u00e9signe toute information concernant une personne physique identifi\u00e9e ou identifiable (personne concern\u00e9e) ; est r\u00e9put\u00e9e identifiable une personne qui peut \u00eatre identifi\u00e9e, directement ou indirectement, notamment par r\u00e9f\u00e9rence \u00e0 un num\u00e9ro d\u2019identification ou \u00e0 un ou plusieurs \u00e9l\u00e9ments sp\u00e9cifiques, propres \u00e0 son identit\u00e9 physique, physiologique, psychique, \u00e9conomique, culturelle ou sociale.<\/p>\n<p>Le RGPD, en son article 12, pr\u00e9voit que les personnes qui peuvent \u00eatre identifi\u00e9es \u201cpersonnes concern\u00e9es\u201d doivent \u00eatre inform\u00e9es de leurs droits de mani\u00e8re concise, transparente, compr\u00e9hensible et ais\u00e9ment accessible.<\/p>\n<p>La pr\u00e9sente politique de traitement des donn\u00e9es \u00e0 caract\u00e8re personnel s\u2019applique aux traitements des donn\u00e9es \u00e0 caract\u00e8re personnel relatifs aux clients et aux contacts de 272 SAS.<\/p>\n<p>Dans le cadre de son activit\u00e9, 272 SAS est amen\u00e9e \u00e0 traiter des informations vous concernant. Par exemple, en naviguant sur notre site Internet, en remplissant un formulaire d\u2019abonnement \u00e0 une newsletter, en remplissant un formulaire vous nous transmettez des informations dont certaines sont de nature \u00e0 vous identifier (\u00ab donn\u00e9es personnelles \u00bb).<\/p>\n<p>La pr\u00e9sente Politique vous informe de la mani\u00e8re dont nous recueillons et traitons vos donn\u00e9es personnelles. Nous vous invitons \u00e0 la lire attentivement.<\/p>\n<p>Cette politique de traitement des donn\u00e9es \u00e0 caract\u00e8re personnel compl\u00e8te les mentions l\u00e9gales pr\u00e9sentes sur le Site www.tajasport.com<\/p>\n<p>&nbsp;<\/p>\n<p><strong>DONN\u00c9ES PERSONNELLES<\/strong><\/p>\n<p>Dans le cadre de la mise \u00e0 disposition du Site, 272 SAS traite vos donn\u00e9es \u00e0 caract\u00e8re personnel dans le respect du R\u00e8glement G\u00e9n\u00e9ral sur la Protection des Donn\u00e9es 2016\/679 du 27 avril 2016 (\u00ab RGPD \u00bb) et dans les conditions expos\u00e9es ci-apr\u00e8s.<\/p>\n<p>Une donn\u00e9e \u00e0 caract\u00e8re personnel d\u00e9signe toute information se rapportant \u00e0 une personne physique identifi\u00e9e ou identifiable. 272 SAS collecte et traite des donn\u00e9es \u00e0 caract\u00e8re personnel dans le cadre de la fourniture de ses Services ou de la communication \u00e0 propos de ces Services exclusivement, en stricte conformit\u00e9 avec le RGPD.<\/p>\n<p>272 SAS collecte uniquement des donn\u00e9es \u00e0 caract\u00e8re personnel ad\u00e9quates, pertinentes et limit\u00e9es \u00e0 ce qui est n\u00e9cessaire au regard des finalit\u00e9s pour lesquelles elles sont trait\u00e9es. Ainsi, il ne vous sera jamais demand\u00e9 de renseigner des donn\u00e9es \u00e0 caract\u00e8re personnel consid\u00e9r\u00e9es comme \u00ab sensibles \u00bb, telles que vos origines raciales ou ethniques, vos opinions politiques, philosophiques ou religieuses.<\/p>\n<p>&nbsp;<\/p>\n<p>272 SAS est susceptibles de recueillir et de conserver vos donn\u00e9es \u00e0 caract\u00e8re personnel, notamment lorsque vous :<\/p>\n<p>naviguez sur le Site ;<\/p>\n<p>nous contactez ;<\/p>\n<p>vous inscrivez \u00e0 notre Newsletter.<\/p>\n<p>272 SAS utilise vos donn\u00e9es \u00e0 caract\u00e8re personnel pour permettre la mise en \u0153uvre et la gestion des Services du Site et r\u00e9pondre \u00e0 vos demandes sp\u00e9cifiques. 272 SAS utilise \u00e9galement vos donn\u00e9es \u00e0 caract\u00e8re personnel dans le but d\u2019exploiter et d\u2019am\u00e9liorer ses Services, son Site et sa d\u00e9marche. Ces informations sont utilis\u00e9es uniquement par 272 SAS pour lui permettre de mieux adapter ses Services \u00e0 vos attentes.<\/p>\n<p>Si vous avez d\u00e9cid\u00e9 de recevoir des newsletters, courriels et messages de la part de 272 SAS, vous recevrez alors des messages \u00e9lectroniques portant sur ses Services. 272 SAS utilisera alors les donn\u00e9es \u00e0 caract\u00e8re personnel que vous avez fournies lors de votre enregistrement. Vous pouvez vous d\u00e9sabonner de ces envois \u00e0 tout moment conform\u00e9ment \u00e0 la proc\u00e9dure mentionn\u00e9e dans les pr\u00e9sentes Conditions G\u00e9n\u00e9rales d\u2019Utilisation.<\/p>\n<p>&nbsp;<\/p>\n<p><strong>\u00a0Navigation sur le Site<\/strong><\/p>\n<p>Donn\u00e9es de connexion : \u00c0 chaque fois que vous vous connectez au Site, 272 SAS recueille des donn\u00e9es \u00e0 caract\u00e8re personnel telles que, notamment, votre adresse IP et l\u2019adresse MAC de votre ordinateur, la date et l\u2019heure de connexion, ainsi que des informations sur le navigateur que vous utilisez.<\/p>\n<p>Donn\u00e9es de navigation : 272 SAS recueille \u00e9galement les informations permettant d\u2019identifier de quelle fa\u00e7on vous acc\u00e9dez au Site, quelles sont les pages consult\u00e9es et pendant combien de temps. Dans ce cadre, 272 SAS peut avoir recours \u00e0 l\u2019utilisation de Cookies (Voir section Gestion des Cookies).<\/p>\n<p>&nbsp;<\/p>\n<p><strong>Adh\u00e9sion \u00e0 la Newsletter 272 SAS<\/strong><\/p>\n<p>Lors de votre connexion, vous pouvez consentir directement \u00e0 la r\u00e9ception des lettres d\u2019information 272 SAS en renseignant votre adresse email aux endroits pr\u00e9vus \u00e0 cet effet sur le Site.<\/p>\n<p>En tout \u00e9tat de cause, vous disposez du droit de retirer votre consentement \u00e0 la r\u00e9ception de telles lettres d\u2019information \u00e0 tout moment et sans frais dans les conditions pr\u00e9vues dans les pr\u00e9sentes Conditions G\u00e9n\u00e9rales d\u2019Utilisation.<\/p>\n<p>&nbsp;<\/p>\n<p><strong>Comment 272 SAS prot\u00e8ge vos donn\u00e9es \u00e0 caract\u00e8re personnel ?<\/strong><\/p>\n<p>272 SAS a mis en place des mesures de s\u00e9curit\u00e9 techniques et organisationnelles en vue de garantir la s\u00e9curit\u00e9, l\u2019int\u00e9grit\u00e9 et la confidentialit\u00e9 de toutes vos donn\u00e9es \u00e0 caract\u00e8re personnel, afin d\u2019emp\u00eacher que celles-ci soient d\u00e9form\u00e9es, endommag\u00e9es ou que des tiers non autoris\u00e9s y aient acc\u00e8s. 272 SAS assure un niveau de s\u00e9curit\u00e9 appropri\u00e9, compte tenu de l\u2019\u00e9tat des connaissances, des co\u00fbts de mise en \u0153uvre et de la nature, de la port\u00e9e, du contexte et des finalit\u00e9s du traitement ainsi que des risques et de leur probabilit\u00e9.<\/p>\n<p>Toutefois, il est pr\u00e9cis\u00e9 qu\u2019aucune mesure de s\u00e9curit\u00e9 n\u2019\u00e9tant infaillible, 272 SAS n\u2019est pas en mesure de garantir une s\u00e9curit\u00e9 absolue \u00e0 vos donn\u00e9es \u00e0 caract\u00e8re personnel.<\/p>\n<p>&nbsp;<\/p>\n<p><strong>\u00a0Dans quels cas 272 SAS partage vos donn\u00e9es \u00e0 caract\u00e8re personnel ?<\/strong><\/p>\n<p>4.1 Partage de vos donn\u00e9es personnelles avec des soci\u00e9t\u00e9s tierces<\/p>\n<p>Lors de votre navigation sur le Site, vos donn\u00e9es \u00e0 caract\u00e8re personnel ne sont pas transmises \u00e0 des tiers.<\/p>\n<p>272 SAS ne partage jamais, sans avoir obtenu votre consentement pr\u00e9alable, vos donn\u00e9es \u00e0 caract\u00e8re personnel avec des soci\u00e9t\u00e9s tierces \u00e0 des fins marketings et\/ou commerciales.<\/p>\n<p>&nbsp;<\/p>\n<p><strong>\u00a04.2 Partage avec les autorit\u00e9s<\/strong><\/p>\n<p>&nbsp;<\/p>\n<p>272 SAS peut \u00eatre amen\u00e9 \u00e0 divulguer vos donn\u00e9es \u00e0 caract\u00e8re personnel aux autorit\u00e9s administrative ou judiciaire lorsque leur divulgation est n\u00e9cessaire \u00e0 l\u2019identification, l\u2019interpellation ou la poursuite en justice de tout individu susceptible de porter pr\u00e9judice aux droits de 272 SAS, de tout autre utilisateur ou d\u2019un tiers. 272 SAS peut enfin \u00eatre l\u00e9galement tenu de divulguer vos donn\u00e9es \u00e0 caract\u00e8re personnel et ne peut dans ce cas s\u2019y opposer.<\/p>\n<p>&nbsp;<\/p>\n<p>Combien de temps 272 SAS conserve vos donn\u00e9es \u00e0 caract\u00e8re personnel ?<\/p>\n<p>272 SAS conserve vos donn\u00e9es \u00e0 caract\u00e8re personnel pendant une dur\u00e9e n\u2019exc\u00e9dant pas celle n\u00e9cessaire au regard des finalit\u00e9s pour lesquelles elles sont trait\u00e9es conform\u00e9ment aux utilisations expos\u00e9es dans les pr\u00e9sentes Conditions G\u00e9n\u00e9rales d\u2019Utilisation et dans le respect des lois et r\u00e8glements.<\/p>\n<p>&nbsp;<\/p>\n<p><strong>Quels sont vos droits ?<\/strong><\/p>\n<p>Vous \u00eates seuls \u00e0 avoir communiqu\u00e9 les donn\u00e9es en possession de 272 SAS, par l\u2019interm\u00e9diaire du Site. Vous disposez de droits sur vos donn\u00e9es \u00e0 caract\u00e8re personnel. Conform\u00e9ment \u00e0 la r\u00e9glementation en mati\u00e8re de protection des donn\u00e9es \u00e0 caract\u00e8re personnel, notamment les articles 15 \u00e0 22 du RGPD, et apr\u00e8s avoir justifi\u00e9 de votre identit\u00e9, vous avez le droit de demander \u00e0 272 SAS l\u2019acc\u00e8s aux donn\u00e9es \u00e0 caract\u00e8re personnel vous concernant, la rectification ou l\u2019effacement de celles-ci.<\/p>\n<p>En outre, dans les limites pos\u00e9es par la loi, vous disposez \u00e9galement du droit de vous opposer au traitement, de le limiter, de d\u00e9cider du sort post-mortem de vos donn\u00e9es, de retirer votre consentement \u00e0 tout moment et du droit \u00e0 la portabilit\u00e9 des donn\u00e9es \u00e0 caract\u00e8re personnel fournies.<\/p>\n<p>Vous pouvez contactez 272 SAS afin d\u2019exercer vos droits \u00e0 l\u2019adresse \u00e9lectronique suivante : contact@tajasport.com ou \u00e0 l\u2019adresse postale suivante : 66, avenue des Champs Elys\u00e9es. 75008, Paris. France, en joignant \u00e0 votre demande une copie d\u2019un titre d\u2019identit\u00e9.<\/p>\n<p>Par ailleurs, vous pouvez \u00e0 tout moment vous d\u00e9sabonner de la newsletter en cliquant sur le lien qui permet le d\u00e9sabonnement en bas de chaque email. Vous pouvez \u00e9galement vous d\u00e9sabonner en envoyant un message \u00e0 l\u2019adresse suivante : contact@tajasport.com<\/p>\n<p>&nbsp;<\/p>\n<p><strong>\u00a0D\u00e9l\u00e9gu\u00e9 \u00e0 la Protection des Donn\u00e9es et contact<\/strong><\/p>\n<p>Pour toute question concernant vos donn\u00e9es \u00e0 caract\u00e8re personnel, merci de contacter 272 SAS \u00e0 l\u2019adresse suivante : 272 SAS (en indiquant \u201cVie Priv\u00e9e \u2013 Protection des Donn\u00e9es\u201d) 66, avenue des Champs Elys\u00e9es. 75008, Paris. France, ou par email \u00e0 contact@tajasport.com<\/p>\n<p>&nbsp;<\/p>\n<p><strong>La Commission Nationale de l\u2019Informatique et des Libert\u00e9s (\u201cCNIL\u201d)<\/strong><\/p>\n<p>Vous pouvez contacter la CNIL directement sur le site internet de la CNIL ou par courrier \u00e0 l\u2019adresse suivante : Commission Nationale de l\u2019Informatique et des Libert\u00e9s (CNIL), 3 Place de Fontenoy \u2013 TSA 80715, 75334 PARIS CEDEX 07.<\/p>\n<p>&nbsp;<\/p>\n","protected":false},"excerpt":{"rendered":"<p>Politique de traitement des donn\u00e9es \u00e0 caract\u00e8re personnel PR\u00c9AMBULE Une donn\u00e9e \u00e0 caract\u00e8re personnel d\u00e9signe toute information concernant une personne physique identifi\u00e9e ou identifiable (personne concern\u00e9e) ; est r\u00e9put\u00e9e identifiable une personne qui peut \u00eatre identifi\u00e9e, directement ou indirectement, notamment par r\u00e9f\u00e9rence \u00e0 un num\u00e9ro d\u2019identification ou \u00e0 un ou plusieurs \u00e9l\u00e9ments sp\u00e9cifiques, propres \u00e0 [&hellip;]<\/p>\n","protected":false},"author":19,"featured_media":0,"parent":0,"menu_order":0,"comment_status":"closed","ping_status":"open","template":"","meta":{"inline_featured_image":false},"_links":{"self":[{"href":"https:\/\/tajasport.com\/fr\/wp-json\/wp\/v2\/pages\/3"}],"collection":[{"href":"https:\/\/tajasport.com\/fr\/wp-json\/wp\/v2\/pages"}],"about":[{"href":"https:\/\/tajasport.com\/fr\/wp-json\/wp\/v2\/types\/page"}],"author":[{"embeddable":true,"href":"https:\/\/tajasport.com\/fr\/wp-json\/wp\/v2\/users\/19"}],"replies":[{"embeddable":true,"href":"https:\/\/tajasport.com\/fr\/wp-json\/wp\/v2\/comments?post=3"}],"version-history":[{"count":1,"href":"https:\/\/tajasport.com\/fr\/wp-json\/wp\/v2\/pages\/3\/revisions"}],"predecessor-version":[{"id":23534,"href":"https:\/\/tajasport.com\/fr\/wp-json\/wp\/v2\/pages\/3\/revisions\/23534"}],"wp:attachment":[{"href":"https:\/\/tajasport.com\/fr\/wp-json\/wp\/v2\/media?parent=3"}],"curies":[{"name":"wp","href":"https:\/\/api.w.org\/{rel}","templated":true}]}}